{"id":4,"date":"2019-12-01T16:31:38","date_gmt":"2019-12-01T16:31:38","guid":{"rendered":"https:\/\/aljawaz.com\/es\/?page_id=4"},"modified":"2023-06-03T10:03:05","modified_gmt":"2023-06-03T10:03:05","slug":"politica-privacidad","status":"publish","type":"page","link":"https:\/\/test.aljawaz.com\/es\/politica-privacidad\/","title":{"rendered":"Pol\u00edtica de privacidad"},"content":{"rendered":"\nPara cookies : <a class=\"change-consent\" onclick=\"window.__tcfapi('displayConsentUi', 2, function() {} );\">Haga clic aqu\u00ed si desea editar sus preferencias de consentimiento <\/a>\n\n\n\n<p><\/p>\n\n\n\n<p>Aljawaz.com, aqu\u00ed referido como el sitio web, vela por la privacidad de los usuarios del sitio y sus visitantes en cuanto al mantenimiento y protecci\u00f3n de sus datos personales de acuerdo con las normas y leyes. El sitio ha adoptado una pol\u00edtica clara y espec\u00edfica para lograr este prop\u00f3sito.<\/p>\n\n\n\n<p><strong>Informaci\u00f3n proporcionada por el usuario<\/strong><\/p>\n\n\n\n<ul class=\"wp-block-list\"><li>Al enviarnos su informaci\u00f3n personal, usted acepta los t\u00e9rminos de la Pol\u00edtica del sitio que se basan en lo siguiente:<\/li><li>Podemos almacenar su informaci\u00f3n de usuario a trav\u00e9s de nosotros o de servicios de terceros que procesan esta informaci\u00f3n en nuestro nombre.<\/li><li>Podemos utilizar su informaci\u00f3n de usuario para realizar estudios de mercado, incluido el an\u00e1lisis estad\u00edstico del comportamiento del usuario, que podemos mostrar a terceros de manera impersonal y hol\u00edstica.<\/li><li>Habilitarnos para cumplir con todos los requisitos que legalmente nos imponen.<\/li><li>Permitir el env\u00edo de correos electr\u00f3nicos y otros medios de comunicaci\u00f3n a trav\u00e9s del sitio o de un tercero, con la finalidad de informar al usuario de los contenidos publicados por el sitio noticias, informaci\u00f3n, productos, servicios, eventos, promociones del sitio y otros .<\/li><li>En el caso de una venta o compra, incluida la venta del Sitio y sus derechos, podemos divulgar su informaci\u00f3n de usuario al comprador o vendedor potencial de dicho negocio o propiedad.<\/li><li>Si un tercero posee todos o la mayor\u00eda de nuestros activos, la informaci\u00f3n de usuario que nos proporcione se transferir\u00e1 al tercero como parte de los activos transferidos.<\/li><\/ul>\n\n\n\n<p><strong>Actualizaciones<\/strong><\/p>\n\n\n\n<p>El personal del sitio puede cambiar la pol\u00edtica de privacidad de vez en cuando, por lo que debe revisarla peri\u00f3dicamente. Al utilizar el sitio web de Passport, acepta la Pol\u00edtica de privacidad en ese momento.<\/p>\n\n\n\n<p>El Sitio se reserva el derecho de cambiar, modificar o actualizar esta Pol\u00edtica de Privacidad en cualquier momento.<br><\/p>\n\n\n\n<p><strong>Recopilaci\u00f3n de datos<\/strong><\/p>\n\n\n\n<p>Cuando navega por el sitio, es posible que encuentre foros o servicios de video que le soliciten como usuario que ingrese su informaci\u00f3n de usuario. No divulgaremos ninguna informaci\u00f3n de usuario que proporcione a un tercero sin su consentimiento, excepto para proporcionar los servicios que haya solicitado.<\/p>\n\n\n\n<p><strong>Cookies<\/strong><\/p>\n\n\n\n<ul class=\"wp-block-list\"><li>Debe saber que es posible recopilar informaci\u00f3n y datos autom\u00e1ticamente mediante el uso de archivos de texto (cookies). Estos son peque\u00f1os archivos de texto que almacenan la informaci\u00f3n b\u00e1sica que utiliza el sitio para determinar los usos repetidos del sitio (como recuperar su nombre si ya se ha ingresado). Podemos utilizar esta informaci\u00f3n para realizar un seguimiento del comportamiento y recopilar datos que nos ayuden a mejorar el sitio, orientar los anuncios y evaluar su eficacia.<br><\/li><li>Estos archivos de texto no se integran en su sistema operativo y no da\u00f1an sus archivos. Si prefiere no recopilar informaci\u00f3n mediante el uso de archivos de texto, puede seguir un procedimiento simple en la mayor\u00eda de los navegadores que le permite negarse a descargar archivos de texto. Sin embargo, debe tener en cuenta que los servicios que se dirigen personalmente a usted pueden verse afectados si elige deshabilitar la opci\u00f3n de archivos de texto. Si desea deshabilitar la descarga de archivos de texto, haga clic aqu\u00ed para obtener instrucciones que aparecer\u00e1n en una ventana separada.<\/li><\/ul>\n\n\n\n<p><strong>Responsabilidad por la veracidad de la informaci\u00f3n publicada en el sitio web<\/strong><\/p>\n\n\n\n<p>El equipo y los editores hacen todo lo posible para proporcionar la informaci\u00f3n m\u00e1s precisa y actualizada a los usuarios del sitio. Debido a la amplia gama y el cambio constante de informaci\u00f3n, es dif\u00edcil garantizar su precisi\u00f3n y exactitud. El Sitio no ser\u00e1 responsable de los da\u00f1os materiales o morales que pudieran derivarse de la inexactitud de dicha informaci\u00f3n. El navegador y el visitante deben asegurarse de que la informaci\u00f3n sea correcta de sus fuentes oficiales y de las autoridades pertinentes (instituciones educativas o gubernamentales) antes de tomar cualquier acci\u00f3n pr\u00e1ctica que tenga un impacto directo en sus intereses.<\/p>\n\n\n\n<p>Esta Pol\u00edtica de privacidad no cubre la transici\u00f3n a un sitio de terceros al que accede desde este sitio web.<\/p>\n\n\n\n<p>Puede contactarnos para cualquier pregunta sobre las pol\u00edticas de nuestro sitio web.<\/p>\n","protected":false},"excerpt":{"rendered":"<p>Para cookies : Haga clic aqu\u00ed si desea editar sus preferencias de consentimiento Aljawaz.com, aqu\u00ed referido como el sitio web, vela por la privacidad de los usuarios del sitio y sus visitantes en cuanto al mantenimiento y protecci\u00f3n de sus datos personales de acuerdo con las normas y leyes. El sitio ha adoptado una pol\u00edtica &hellip;<\/p>\n","protected":false},"author":1,"featured_media":0,"parent":0,"menu_order":0,"comment_status":"closed","ping_status":"closed","template":"","meta":{"_monsterinsights_skip_tracking":false,"_monsterinsights_sitenote_active":false,"_monsterinsights_sitenote_note":"","_monsterinsights_sitenote_category":0,"footnotes":""},"class_list":["post-4","page","type-page","status-publish",""],"yoast_head":"<!-- This site is optimized with the Yoast SEO plugin v25.1 - https:\/\/yoast.com\/wordpress\/plugins\/seo\/ -->\n<title>Pol\u00edtica de privacidad - Aljawaz<\/title>\n<meta name=\"robots\" content=\"index, follow, max-snippet:-1, max-image-preview:large, max-video-preview:-1\" \/>\n<link rel=\"canonical\" href=\"https:\/\/test.aljawaz.com\/es\/politica-privacidad\/\" \/>\n<meta property=\"og:locale\" content=\"es_ES\" \/>\n<meta property=\"og:type\" content=\"article\" \/>\n<meta property=\"og:title\" content=\"Pol\u00edtica de privacidad - Aljawaz\" \/>\n<meta property=\"og:description\" content=\"Para cookies : Haga clic aqu\u00ed si desea editar sus preferencias de consentimiento Aljawaz.com, aqu\u00ed referido como el sitio web, vela por la privacidad de los usuarios del sitio y sus visitantes en cuanto al mantenimiento y protecci\u00f3n de sus datos personales de acuerdo con las normas y leyes. El sitio ha adoptado una pol\u00edtica &hellip;\" \/>\n<meta property=\"og:url\" content=\"https:\/\/test.aljawaz.com\/es\/politica-privacidad\/\" \/>\n<meta property=\"og:site_name\" content=\"Aljawaz\" \/>\n<meta property=\"article:modified_time\" content=\"2023-06-03T10:03:05+00:00\" \/>\n<meta name=\"twitter:card\" content=\"summary_large_image\" \/>\n<meta name=\"twitter:label1\" content=\"Tiempo de lectura\" \/>\n\t<meta name=\"twitter:data1\" content=\"3 minutos\" \/>\n<script type=\"application\/ld+json\" class=\"yoast-schema-graph\">{\"@context\":\"https:\/\/schema.org\",\"@graph\":[{\"@type\":\"WebPage\",\"@id\":\"https:\/\/test.aljawaz.com\/es\/politica-privacidad\/\",\"url\":\"https:\/\/test.aljawaz.com\/es\/politica-privacidad\/\",\"name\":\"Pol\u00edtica de privacidad - Aljawaz\",\"isPartOf\":{\"@id\":\"https:\/\/test.aljawaz.com\/es\/#website\"},\"datePublished\":\"2019-12-01T16:31:38+00:00\",\"dateModified\":\"2023-06-03T10:03:05+00:00\",\"breadcrumb\":{\"@id\":\"https:\/\/test.aljawaz.com\/es\/politica-privacidad\/#breadcrumb\"},\"inLanguage\":\"es\",\"potentialAction\":[{\"@type\":\"ReadAction\",\"target\":[\"https:\/\/test.aljawaz.com\/es\/politica-privacidad\/\"]}]},{\"@type\":\"BreadcrumbList\",\"@id\":\"https:\/\/test.aljawaz.com\/es\/politica-privacidad\/#breadcrumb\",\"itemListElement\":[{\"@type\":\"ListItem\",\"position\":1,\"name\":\"Home\",\"item\":\"https:\/\/test.aljawaz.com\/es\/\"},{\"@type\":\"ListItem\",\"position\":2,\"name\":\"Pol\u00edtica de privacidad\"}]},{\"@type\":\"WebSite\",\"@id\":\"https:\/\/test.aljawaz.com\/es\/#website\",\"url\":\"https:\/\/test.aljawaz.com\/es\/\",\"name\":\"Aljawaz\",\"description\":\"Tu gu\u00eda para estudiar en el extranjero\",\"potentialAction\":[{\"@type\":\"SearchAction\",\"target\":{\"@type\":\"EntryPoint\",\"urlTemplate\":\"https:\/\/test.aljawaz.com\/es\/?s={search_term_string}\"},\"query-input\":{\"@type\":\"PropertyValueSpecification\",\"valueRequired\":true,\"valueName\":\"search_term_string\"}}],\"inLanguage\":\"es\"}]}<\/script>\n<!-- \/ Yoast SEO plugin. -->","yoast_head_json":{"title":"Pol\u00edtica de privacidad - Aljawaz","robots":{"index":"index","follow":"follow","max-snippet":"max-snippet:-1","max-image-preview":"max-image-preview:large","max-video-preview":"max-video-preview:-1"},"canonical":"https:\/\/test.aljawaz.com\/es\/politica-privacidad\/","og_locale":"es_ES","og_type":"article","og_title":"Pol\u00edtica de privacidad - Aljawaz","og_description":"Para cookies : Haga clic aqu\u00ed si desea editar sus preferencias de consentimiento Aljawaz.com, aqu\u00ed referido como el sitio web, vela por la privacidad de los usuarios del sitio y sus visitantes en cuanto al mantenimiento y protecci\u00f3n de sus datos personales de acuerdo con las normas y leyes. El sitio ha adoptado una pol\u00edtica &hellip;","og_url":"https:\/\/test.aljawaz.com\/es\/politica-privacidad\/","og_site_name":"Aljawaz","article_modified_time":"2023-06-03T10:03:05+00:00","twitter_card":"summary_large_image","twitter_misc":{"Tiempo de lectura":"3 minutos"},"schema":{"@context":"https:\/\/schema.org","@graph":[{"@type":"WebPage","@id":"https:\/\/test.aljawaz.com\/es\/politica-privacidad\/","url":"https:\/\/test.aljawaz.com\/es\/politica-privacidad\/","name":"Pol\u00edtica de privacidad - Aljawaz","isPartOf":{"@id":"https:\/\/test.aljawaz.com\/es\/#website"},"datePublished":"2019-12-01T16:31:38+00:00","dateModified":"2023-06-03T10:03:05+00:00","breadcrumb":{"@id":"https:\/\/test.aljawaz.com\/es\/politica-privacidad\/#breadcrumb"},"inLanguage":"es","potentialAction":[{"@type":"ReadAction","target":["https:\/\/test.aljawaz.com\/es\/politica-privacidad\/"]}]},{"@type":"BreadcrumbList","@id":"https:\/\/test.aljawaz.com\/es\/politica-privacidad\/#breadcrumb","itemListElement":[{"@type":"ListItem","position":1,"name":"Home","item":"https:\/\/test.aljawaz.com\/es\/"},{"@type":"ListItem","position":2,"name":"Pol\u00edtica de privacidad"}]},{"@type":"WebSite","@id":"https:\/\/test.aljawaz.com\/es\/#website","url":"https:\/\/test.aljawaz.com\/es\/","name":"Aljawaz","description":"Tu gu\u00eda para estudiar en el extranjero","potentialAction":[{"@type":"SearchAction","target":{"@type":"EntryPoint","urlTemplate":"https:\/\/test.aljawaz.com\/es\/?s={search_term_string}"},"query-input":{"@type":"PropertyValueSpecification","valueRequired":true,"valueName":"search_term_string"}}],"inLanguage":"es"}]}},"_links":{"self":[{"href":"https:\/\/test.aljawaz.com\/es\/wp-json\/wp\/v2\/pages\/4","targetHints":{"allow":["GET"]}}],"collection":[{"href":"https:\/\/test.aljawaz.com\/es\/wp-json\/wp\/v2\/pages"}],"about":[{"href":"https:\/\/test.aljawaz.com\/es\/wp-json\/wp\/v2\/types\/page"}],"author":[{"embeddable":true,"href":"https:\/\/test.aljawaz.com\/es\/wp-json\/wp\/v2\/users\/1"}],"replies":[{"embeddable":true,"href":"https:\/\/test.aljawaz.com\/es\/wp-json\/wp\/v2\/comments?post=4"}],"version-history":[{"count":0,"href":"https:\/\/test.aljawaz.com\/es\/wp-json\/wp\/v2\/pages\/4\/revisions"}],"wp:attachment":[{"href":"https:\/\/test.aljawaz.com\/es\/wp-json\/wp\/v2\/media?parent=4"}],"curies":[{"name":"wp","href":"https:\/\/api.w.org\/{rel}","templated":true}]}}