{"id":3874,"date":"2023-05-28T17:12:13","date_gmt":"2023-05-28T17:12:13","guid":{"rendered":"https:\/\/aljawaz.com\/fr\/?page_id=3874"},"modified":"2023-06-03T10:05:41","modified_gmt":"2023-06-03T10:05:41","slug":"confidentialite","status":"publish","type":"page","link":"https:\/\/test.aljawaz.com\/fr\/confidentialite\/","title":{"rendered":"Confidentialit\u00e9"},"content":{"rendered":"\n<p><\/p>\n\n\n\nPour les cookies : <a class=\"change-consent\" onclick=\"window.__tcfapi('displayConsentUi', 2, function() {} );\">Ciquez sur ce lien si vous souhaitez modifier vos pr\u00e9f\u00e9rences<\/a>\n\n\n\n<p><\/p>\n\n\n\n<p>Aljawaz.com, d\u00e9sign\u00e9 ici par le site Internet, veille au respect de la vie priv\u00e9e des utilisateurs du site et de ses visiteurs en termes de conservation et de protection de leurs donn\u00e9es personnelles conform\u00e9ment \u00e0 la r\u00e9glementation et \u00e0 la l\u00e9gislation. Le site a adopt\u00e9 une politique claire et pr\u00e9cise pour atteindre cet objectif.<\/p>\n\n\n\n<p><strong>Informations fournies par l&rsquo;utilisateur<\/strong><\/p>\n\n\n\n<p>En nous soumettant vos informations personnelles, vous acceptez les termes de la politique du site qui sont bas\u00e9s sur ce qui suit :<\/p>\n\n\n\n<ul class=\"wp-block-list\"><li>Nous pouvons stocker vos informations d&rsquo;utilisateur par notre interm\u00e9diaire ou par le biais de services tiers qui traitent ces informations en notre nom.<\/li><li>Nous pouvons utiliser vos informations d&rsquo;utilisateur pour effectuer des \u00e9tudes de march\u00e9, y compris des analyses statistiques du comportement des utilisateurs, que nous pouvons afficher \u00e0 des tiers de mani\u00e8re impersonnelle et holistique.<\/li><li>Nous permettre de r\u00e9pondre \u00e0 toutes les exigences qui nous sont impos\u00e9es l\u00e9galement.<\/li><li>Autoriser l&rsquo;envoi d&rsquo;e-mails et d&rsquo;autres moyens de communication via le site ou un tiers, dans le but d&rsquo;informer l&rsquo;utilisateur du contenu publi\u00e9 par le site nouvelles, informations, produits, services, \u00e9v\u00e9nements, promotions du site et autres .<\/li><li>En cas de vente ou d&rsquo;achat, y compris la vente du Site et de ses droits, nous pouvons divulguer vos informations d&rsquo;utilisateur \u00e0 l&rsquo;acheteur ou au vendeur potentiel de cette entreprise ou de cette propri\u00e9t\u00e9.<\/li><li>Si un tiers poss\u00e8de la totalit\u00e9 ou la plupart de nos actifs, vos informations d&rsquo;utilisateur que vous nous fournissez seront transf\u00e9r\u00e9es au tiers dans le cadre des actifs transf\u00e9r\u00e9s.<\/li><\/ul>\n\n\n\n<p><strong>Mises \u00e0 jour<\/strong><\/p>\n\n\n\n<ul class=\"wp-block-list\"><li>Le personnel du site peut modifier la politique de confidentialit\u00e9 de temps \u00e0 autre, vous devez donc la revoir p\u00e9riodiquement. En utilisant le site Web Passport, vous acceptez d&rsquo;accepter la politique de confidentialit\u00e9 \u00e0 ce moment-l\u00e0.<\/li><li>Le Site se r\u00e9serve le droit de changer, modifier ou mettre \u00e0 jour cette Politique de Confidentialit\u00e9 \u00e0 tout moment.<\/li><\/ul>\n\n\n\n<p>C<strong>ollecte de donn\u00e9es<\/strong><\/p>\n\n\n\n<ul class=\"wp-block-list\"><li>Lorsque vous naviguez sur le site, vous pouvez rencontrer des forums ou des services vid\u00e9o vous demandant en tant qu&rsquo;utilisateur de saisir vos informations d&rsquo;utilisateur. Nous ne divulguerons aucune information utilisateur que vous fournissez \u00e0 un tiers sans votre consentement, sauf pour fournir les services que vous avez demand\u00e9s.<\/li><\/ul>\n\n\n\n<p><strong>Cookies<\/strong><\/p>\n\n\n\n<ul class=\"wp-block-list\"><li>Vous devez savoir qu&rsquo;il est possible de collecter automatiquement des informations et des donn\u00e9es gr\u00e2ce \u00e0 l&rsquo;utilisation de fichiers texte (cookies). Ce sont de petits fichiers texte qui stockent les informations de base que le site utilise pour d\u00e9terminer les utilisations r\u00e9p\u00e9t\u00e9es du site (comme r\u00e9cup\u00e9rer votre nom s&rsquo;il a d\u00e9j\u00e0 \u00e9t\u00e9 saisi). Nous pouvons utiliser ces informations pour suivre le comportement et collecter des donn\u00e9es qui nous aident \u00e0 am\u00e9liorer le site, \u00e0 cibler les publicit\u00e9s et \u00e0 \u00e9valuer leur efficacit\u00e9.<\/li><li>Ces fichiers texte ne s&rsquo;int\u00e8grent pas dans votre syst\u00e8me d&rsquo;exploitation et n&rsquo;endommagent pas vos fichiers. Si vous pr\u00e9f\u00e9rez ne pas collecter d&rsquo;informations via l&rsquo;utilisation de fichiers texte, vous pouvez suivre une proc\u00e9dure simple dans la plupart des navigateurs qui vous permet de refuser de t\u00e9l\u00e9charger des fichiers texte. Cependant, vous devez noter que les services qui vous sont personnellement destin\u00e9s peuvent \u00eatre affect\u00e9s si vous choisissez de d\u00e9sactiver l&rsquo;option des fichiers texte. Si vous souhaitez d\u00e9sactiver le t\u00e9l\u00e9chargement de fichiers texte, cliquez ici pour obtenir des instructions qui appara\u00eetront dans une fen\u00eatre s\u00e9par\u00e9e.<\/li><\/ul>\n\n\n\n<p><strong>Responsabilit\u00e9 de l&rsquo;exactitude des informations publi\u00e9es sur le site<\/strong><\/p>\n\n\n\n<p>L&rsquo;\u00e9quipe et la r\u00e9daction s&rsquo;efforcent d&rsquo;offrir aux internautes les informations les plus pr\u00e9cises et les plus \u00e0 jour. En raison du large \u00e9ventail et du changement constant des informations, il est difficile de garantir leur exactitude et leur exactitude. Le Site ne pourra \u00eatre responsable de tout dommage mat\u00e9riel ou moral qui pourrait r\u00e9sulter de l&rsquo;inexactitude de ces informations. Le navigateur et le visiteur doivent s&rsquo;assurer que les informations sont correctes aupr\u00e8s de leurs sources officielles et des autorit\u00e9s comp\u00e9tentes (\u00e9tablissements d&rsquo;enseignement ou gouvernement) avant d&rsquo;entreprendre toute action pratique ayant un impact direct sur ses int\u00e9r\u00eats.<\/p>\n\n\n\n<p>Cette politique de confidentialit\u00e9 ne couvre pas la transition vers un site tiers auquel vous acc\u00e9dez \u00e0 partir de ce site Web.<\/p>\n\n\n\n<p>Vous pouvez nous contacter pour toute question concernant les politiques de notre site Web.<\/p>\n","protected":false},"excerpt":{"rendered":"<p>Pour les cookies : Ciquez sur ce lien si vous souhaitez modifier vos pr\u00e9f\u00e9rences Aljawaz.com, d\u00e9sign\u00e9 ici par le site Internet, veille au respect de la vie priv\u00e9e des utilisateurs du site et de ses visiteurs en termes de conservation et de protection de leurs donn\u00e9es personnelles conform\u00e9ment \u00e0 la r\u00e9glementation et \u00e0 la l\u00e9gislation. &hellip;<\/p>\n","protected":false},"author":1,"featured_media":0,"parent":0,"menu_order":0,"comment_status":"closed","ping_status":"closed","template":"","meta":{"_monsterinsights_skip_tracking":false,"_monsterinsights_sitenote_active":false,"_monsterinsights_sitenote_note":"","_monsterinsights_sitenote_category":0,"footnotes":""},"class_list":["post-3874","page","type-page","status-publish",""],"yoast_head":"<!-- This site is optimized with the Yoast SEO plugin v25.1 - https:\/\/yoast.com\/wordpress\/plugins\/seo\/ -->\n<title>Confidentialit\u00e9 - Aljawaz<\/title>\n<meta name=\"robots\" content=\"index, follow, max-snippet:-1, max-image-preview:large, max-video-preview:-1\" \/>\n<link rel=\"canonical\" href=\"https:\/\/test.aljawaz.com\/fr\/confidentialite\/\" \/>\n<meta property=\"og:locale\" content=\"fr_FR\" \/>\n<meta property=\"og:type\" content=\"article\" \/>\n<meta property=\"og:title\" content=\"Confidentialit\u00e9 - Aljawaz\" \/>\n<meta property=\"og:description\" content=\"Pour les cookies : Ciquez sur ce lien si vous souhaitez modifier vos pr\u00e9f\u00e9rences Aljawaz.com, d\u00e9sign\u00e9 ici par le site Internet, veille au respect de la vie priv\u00e9e des utilisateurs du site et de ses visiteurs en termes de conservation et de protection de leurs donn\u00e9es personnelles conform\u00e9ment \u00e0 la r\u00e9glementation et \u00e0 la l\u00e9gislation. &hellip;\" \/>\n<meta property=\"og:url\" content=\"https:\/\/test.aljawaz.com\/fr\/confidentialite\/\" \/>\n<meta property=\"og:site_name\" content=\"Aljawaz\" \/>\n<meta property=\"article:modified_time\" content=\"2023-06-03T10:05:41+00:00\" \/>\n<meta name=\"twitter:card\" content=\"summary_large_image\" \/>\n<meta name=\"twitter:label1\" content=\"Dur\u00e9e de lecture estim\u00e9e\" \/>\n\t<meta name=\"twitter:data1\" content=\"4 minutes\" \/>\n<script type=\"application\/ld+json\" class=\"yoast-schema-graph\">{\"@context\":\"https:\/\/schema.org\",\"@graph\":[{\"@type\":\"WebPage\",\"@id\":\"https:\/\/test.aljawaz.com\/fr\/confidentialite\/\",\"url\":\"https:\/\/test.aljawaz.com\/fr\/confidentialite\/\",\"name\":\"Confidentialit\u00e9 - Aljawaz\",\"isPartOf\":{\"@id\":\"https:\/\/test.aljawaz.com\/fr\/#website\"},\"datePublished\":\"2023-05-28T17:12:13+00:00\",\"dateModified\":\"2023-06-03T10:05:41+00:00\",\"breadcrumb\":{\"@id\":\"https:\/\/test.aljawaz.com\/fr\/confidentialite\/#breadcrumb\"},\"inLanguage\":\"fr-FR\",\"potentialAction\":[{\"@type\":\"ReadAction\",\"target\":[\"https:\/\/test.aljawaz.com\/fr\/confidentialite\/\"]}]},{\"@type\":\"BreadcrumbList\",\"@id\":\"https:\/\/test.aljawaz.com\/fr\/confidentialite\/#breadcrumb\",\"itemListElement\":[{\"@type\":\"ListItem\",\"position\":1,\"name\":\"Home\",\"item\":\"https:\/\/test.aljawaz.com\/fr\/\"},{\"@type\":\"ListItem\",\"position\":2,\"name\":\"Confidentialit\u00e9\"}]},{\"@type\":\"WebSite\",\"@id\":\"https:\/\/test.aljawaz.com\/fr\/#website\",\"url\":\"https:\/\/test.aljawaz.com\/fr\/\",\"name\":\"Aljawaz\",\"description\":\"Votre guide pour \u00e9tudier \u00e0 l&#039;\u00e9tranger\",\"potentialAction\":[{\"@type\":\"SearchAction\",\"target\":{\"@type\":\"EntryPoint\",\"urlTemplate\":\"https:\/\/test.aljawaz.com\/fr\/?s={search_term_string}\"},\"query-input\":{\"@type\":\"PropertyValueSpecification\",\"valueRequired\":true,\"valueName\":\"search_term_string\"}}],\"inLanguage\":\"fr-FR\"}]}<\/script>\n<!-- \/ Yoast SEO plugin. -->","yoast_head_json":{"title":"Confidentialit\u00e9 - Aljawaz","robots":{"index":"index","follow":"follow","max-snippet":"max-snippet:-1","max-image-preview":"max-image-preview:large","max-video-preview":"max-video-preview:-1"},"canonical":"https:\/\/test.aljawaz.com\/fr\/confidentialite\/","og_locale":"fr_FR","og_type":"article","og_title":"Confidentialit\u00e9 - Aljawaz","og_description":"Pour les cookies : Ciquez sur ce lien si vous souhaitez modifier vos pr\u00e9f\u00e9rences Aljawaz.com, d\u00e9sign\u00e9 ici par le site Internet, veille au respect de la vie priv\u00e9e des utilisateurs du site et de ses visiteurs en termes de conservation et de protection de leurs donn\u00e9es personnelles conform\u00e9ment \u00e0 la r\u00e9glementation et \u00e0 la l\u00e9gislation. &hellip;","og_url":"https:\/\/test.aljawaz.com\/fr\/confidentialite\/","og_site_name":"Aljawaz","article_modified_time":"2023-06-03T10:05:41+00:00","twitter_card":"summary_large_image","twitter_misc":{"Dur\u00e9e de lecture estim\u00e9e":"4 minutes"},"schema":{"@context":"https:\/\/schema.org","@graph":[{"@type":"WebPage","@id":"https:\/\/test.aljawaz.com\/fr\/confidentialite\/","url":"https:\/\/test.aljawaz.com\/fr\/confidentialite\/","name":"Confidentialit\u00e9 - Aljawaz","isPartOf":{"@id":"https:\/\/test.aljawaz.com\/fr\/#website"},"datePublished":"2023-05-28T17:12:13+00:00","dateModified":"2023-06-03T10:05:41+00:00","breadcrumb":{"@id":"https:\/\/test.aljawaz.com\/fr\/confidentialite\/#breadcrumb"},"inLanguage":"fr-FR","potentialAction":[{"@type":"ReadAction","target":["https:\/\/test.aljawaz.com\/fr\/confidentialite\/"]}]},{"@type":"BreadcrumbList","@id":"https:\/\/test.aljawaz.com\/fr\/confidentialite\/#breadcrumb","itemListElement":[{"@type":"ListItem","position":1,"name":"Home","item":"https:\/\/test.aljawaz.com\/fr\/"},{"@type":"ListItem","position":2,"name":"Confidentialit\u00e9"}]},{"@type":"WebSite","@id":"https:\/\/test.aljawaz.com\/fr\/#website","url":"https:\/\/test.aljawaz.com\/fr\/","name":"Aljawaz","description":"Votre guide pour \u00e9tudier \u00e0 l&#039;\u00e9tranger","potentialAction":[{"@type":"SearchAction","target":{"@type":"EntryPoint","urlTemplate":"https:\/\/test.aljawaz.com\/fr\/?s={search_term_string}"},"query-input":{"@type":"PropertyValueSpecification","valueRequired":true,"valueName":"search_term_string"}}],"inLanguage":"fr-FR"}]}},"_links":{"self":[{"href":"https:\/\/test.aljawaz.com\/fr\/wp-json\/wp\/v2\/pages\/3874","targetHints":{"allow":["GET"]}}],"collection":[{"href":"https:\/\/test.aljawaz.com\/fr\/wp-json\/wp\/v2\/pages"}],"about":[{"href":"https:\/\/test.aljawaz.com\/fr\/wp-json\/wp\/v2\/types\/page"}],"author":[{"embeddable":true,"href":"https:\/\/test.aljawaz.com\/fr\/wp-json\/wp\/v2\/users\/1"}],"replies":[{"embeddable":true,"href":"https:\/\/test.aljawaz.com\/fr\/wp-json\/wp\/v2\/comments?post=3874"}],"version-history":[{"count":0,"href":"https:\/\/test.aljawaz.com\/fr\/wp-json\/wp\/v2\/pages\/3874\/revisions"}],"wp:attachment":[{"href":"https:\/\/test.aljawaz.com\/fr\/wp-json\/wp\/v2\/media?parent=3874"}],"curies":[{"name":"wp","href":"https:\/\/api.w.org\/{rel}","templated":true}]}}